{"id":112,"date":"2021-09-27T13:41:30","date_gmt":"2021-09-27T13:41:30","guid":{"rendered":"http:\/\/www.atakmetaldemir.com\/?page_id=112"},"modified":"2022-01-10T13:26:18","modified_gmt":"2022-01-10T13:26:18","slug":"hakkimizda","status":"publish","type":"page","link":"https:\/\/www.atakmetaldemir.com\/?page_id=112","title":{"rendered":"Hakk\u0131m\u0131zda"},"content":{"rendered":"\t\t<div data-elementor-type=\"wp-page\" data-elementor-id=\"112\" class=\"elementor elementor-112\">\n\t\t\t\t\t\t\t\t\t<section class=\"has_ma_el_bg_slider elementor-section elementor-top-section elementor-element elementor-element-6c6e197c elementor-section-content-middle ct-section-stretched elementor-section-boxed elementor-section-height-default elementor-section-height-default jltma-glass-effect-no\" data-id=\"6c6e197c\" data-element_type=\"section\" data-settings=\"{&quot;background_background&quot;:&quot;classic&quot;}\">\n\t\t\t\t\t\t\t<div class=\"elementor-background-overlay\"><\/div>\n\t\t\t\t\t\t\t<div class=\"elementor-container elementor-column-gap-no\">\n\t\t\t\t\t<div class=\"has_ma_el_bg_slider elementor-column elementor-col-100 elementor-top-column elementor-element elementor-element-5b768c65 jltma-glass-effect-no\" data-id=\"5b768c65\" data-element_type=\"column\">\n\t\t\t<div class=\"elementor-widget-wrap elementor-element-populated\">\n\t\t\t\t\t\t\t\t<div class=\"elementor-element elementor-element-447ef590 jltma-glass-effect-no elementor-widget elementor-widget-heading\" data-id=\"447ef590\" data-element_type=\"widget\" data-widget_type=\"heading.default\">\n\t\t\t\t<div class=\"elementor-widget-container\">\n\t\t\t<style>\/*! elementor - v3.16.0 - 20-09-2023 *\/\n.elementor-heading-title{padding:0;margin:0;line-height:1}.elementor-widget-heading .elementor-heading-title[class*=elementor-size-]>a{color:inherit;font-size:inherit;line-height:inherit}.elementor-widget-heading .elementor-heading-title.elementor-size-small{font-size:15px}.elementor-widget-heading .elementor-heading-title.elementor-size-medium{font-size:19px}.elementor-widget-heading .elementor-heading-title.elementor-size-large{font-size:29px}.elementor-widget-heading .elementor-heading-title.elementor-size-xl{font-size:39px}.elementor-widget-heading .elementor-heading-title.elementor-size-xxl{font-size:59px}<\/style><h2 class=\"elementor-heading-title elementor-size-default\">Hakk\u0131m\u0131zda<\/h2>\t\t<\/div>\n\t\t\t\t<\/div>\n\t\t\t\t<div class=\"elementor-element elementor-element-382bbf4 jltma-glass-effect-no elementor-widget elementor-widget-heading\" data-id=\"382bbf4\" data-element_type=\"widget\" data-widget_type=\"heading.default\">\n\t\t\t\t<div class=\"elementor-widget-container\">\n\t\t\t<h5 class=\"elementor-heading-title elementor-size-default\">Ana Sayfa > Hakk\u0131m\u0131zda<\/h5>\t\t<\/div>\n\t\t\t\t<\/div>\n\t\t\t\t\t<\/div>\n\t\t<\/div>\n\t\t\t\t\t\t\t<\/div>\n\t\t<\/section>\n\t\t\t\t<section class=\"has_ma_el_bg_slider elementor-section elementor-top-section elementor-element elementor-element-7d74ef09 elementor-reverse-mobile ct-section-stretched elementor-section-boxed elementor-section-height-default elementor-section-height-default jltma-glass-effect-no\" data-id=\"7d74ef09\" data-element_type=\"section\" data-settings=\"{&quot;background_background&quot;:&quot;classic&quot;}\">\n\t\t\t\t\t\t\t<div class=\"elementor-background-overlay\"><\/div>\n\t\t\t\t\t\t\t<div class=\"elementor-container elementor-column-gap-default\">\n\t\t\t\t\t<div class=\"has_ma_el_bg_slider elementor-column elementor-col-50 elementor-top-column elementor-element elementor-element-59043f68 elementor-hidden-tablet elementor-hidden-mobile jltma-glass-effect-no\" data-id=\"59043f68\" data-element_type=\"column\" data-settings=\"{&quot;background_background&quot;:&quot;classic&quot;}\">\n\t\t\t<div class=\"elementor-widget-wrap elementor-element-populated\">\n\t\t\t\t\t<div class=\"elementor-background-overlay\"><\/div>\n\t\t\t\t\t\t\t\t<div class=\"elementor-element elementor-element-9f28632 elementor-hidden-tablet elementor-hidden-mobile jltma-glass-effect-no elementor-widget elementor-widget-image\" data-id=\"9f28632\" data-element_type=\"widget\" data-widget_type=\"image.default\">\n\t\t\t\t<div class=\"elementor-widget-container\">\n\t\t\t<style>\/*! elementor - v3.16.0 - 20-09-2023 *\/\n.elementor-widget-image{text-align:center}.elementor-widget-image a{display:inline-block}.elementor-widget-image a img[src$=\".svg\"]{width:48px}.elementor-widget-image img{vertical-align:middle;display:inline-block}<\/style>\t\t\t\t\t\t\t\t\t\t\t\t<img loading=\"lazy\" decoding=\"async\" width=\"1920\" height=\"1280\" src=\"https:\/\/www.atakmetaldemir.com\/wp-content\/uploads\/2021\/09\/christophe-dion-3KA1M16PuoE-unsplash.jpg\" class=\"attachment-full size-full wp-image-22\" alt=\"\" srcset=\"https:\/\/www.atakmetaldemir.com\/wp-content\/uploads\/2021\/09\/christophe-dion-3KA1M16PuoE-unsplash.jpg 1920w, https:\/\/www.atakmetaldemir.com\/wp-content\/uploads\/2021\/09\/christophe-dion-3KA1M16PuoE-unsplash-300x200.jpg 300w, https:\/\/www.atakmetaldemir.com\/wp-content\/uploads\/2021\/09\/christophe-dion-3KA1M16PuoE-unsplash-1024x683.jpg 1024w, https:\/\/www.atakmetaldemir.com\/wp-content\/uploads\/2021\/09\/christophe-dion-3KA1M16PuoE-unsplash-768x512.jpg 768w, https:\/\/www.atakmetaldemir.com\/wp-content\/uploads\/2021\/09\/christophe-dion-3KA1M16PuoE-unsplash-1536x1024.jpg 1536w\" sizes=\"auto, (max-width: 1920px) 100vw, 1920px\" \/>\t\t\t\t\t\t\t\t\t\t\t\t\t\t\t<\/div>\n\t\t\t\t<\/div>\n\t\t\t\t\t<\/div>\n\t\t<\/div>\n\t\t\t\t<div class=\"has_ma_el_bg_slider elementor-column elementor-col-50 elementor-top-column elementor-element elementor-element-4ba6e146 jltma-glass-effect-no\" data-id=\"4ba6e146\" data-element_type=\"column\">\n\t\t\t<div class=\"elementor-widget-wrap elementor-element-populated\">\n\t\t\t\t\t\t\t\t<div class=\"elementor-element elementor-element-7ace135b jltma-glass-effect-no elementor-widget elementor-widget-heading\" data-id=\"7ace135b\" data-element_type=\"widget\" data-widget_type=\"heading.default\">\n\t\t\t\t<div class=\"elementor-widget-container\">\n\t\t\t<h2 class=\"elementor-heading-title elementor-size-default\">Hakk\u0131m\u0131zda\n<\/h2>\t\t<\/div>\n\t\t\t\t<\/div>\n\t\t\t\t<div class=\"elementor-element elementor-element-5372ca93 jltma-glass-effect-no elementor-widget elementor-widget-heading\" data-id=\"5372ca93\" data-element_type=\"widget\" data-widget_type=\"heading.default\">\n\t\t\t\t<div class=\"elementor-widget-container\">\n\t\t\t<h5 class=\"elementor-heading-title elementor-size-default\">2013'den beri sizler i\u00e7in tedarik edip sizler i\u00e7in kesiyoruz.<\/h5>\t\t<\/div>\n\t\t\t\t<\/div>\n\t\t\t\t<div class=\"elementor-element elementor-element-7643d01b jltma-glass-effect-no elementor-widget elementor-widget-text-editor\" data-id=\"7643d01b\" data-element_type=\"widget\" data-widget_type=\"text-editor.default\">\n\t\t\t\t<div class=\"elementor-widget-container\">\n\t\t\t<style>\/*! elementor - v3.16.0 - 20-09-2023 *\/\n.elementor-widget-text-editor.elementor-drop-cap-view-stacked .elementor-drop-cap{background-color:#69727d;color:#fff}.elementor-widget-text-editor.elementor-drop-cap-view-framed .elementor-drop-cap{color:#69727d;border:3px solid;background-color:transparent}.elementor-widget-text-editor:not(.elementor-drop-cap-view-default) .elementor-drop-cap{margin-top:8px}.elementor-widget-text-editor:not(.elementor-drop-cap-view-default) .elementor-drop-cap-letter{width:1em;height:1em}.elementor-widget-text-editor .elementor-drop-cap{float:left;text-align:center;line-height:1;font-size:50px}.elementor-widget-text-editor .elementor-drop-cap-letter{display:inline-block}<\/style>\t\t\t\t<p>2013 y\u0131l\u0131nda sekt\u00f6re ad\u0131m att\u0131\u011f\u0131m\u0131zda 35 y\u0131l\u0131 a\u015fk\u0131n bilgi birikimimizle yola \u00e7\u0131kt\u0131k, bitmek bilmeyen \u00f6\u011frenme ve hizmet a\u015fk\u0131 ile yolumuza emin ad\u0131mlarla devam ettik.<\/p><p>M\u00fc\u015fterilerimizin taleplerini tam zaman\u0131nda istediklerinden daha iyi bir \u015fekilde teslim ettik ve teslim etmeye devam ediyoruz.<\/p><p><span style=\"font-size: inherit; text-align: inherit; background-color: var(--palettecolor7); font-family: var(--fontFamily); font-style: var(--fontStyle, inherit); font-weight: var(--fontWeight); letter-spacing: var(--letterSpacing); text-transform: var(--textTransform);\">\u00a0Firmam\u0131z C45 \u0130malat \u00e7eli\u011fi, 4140 \u0131slah \u00e7eli\u011fi, C45 lama, k\u00f6\u015febent, profil, kromlu mil ve \u00e7elik \u00e7ekme borular\u0131 tedarik edip m\u00fc\u015fterilerimizin istedi\u011fi \u00f6l\u00e7\u00fcye g\u00f6re kesip teslim ediyoruz.<\/span><\/p>\t\t\t\t\t\t<\/div>\n\t\t\t\t<\/div>\n\t\t\t\t<section class=\"has_ma_el_bg_slider elementor-section elementor-inner-section elementor-element elementor-element-5d46edae elementor-section-boxed elementor-section-height-default elementor-section-height-default jltma-glass-effect-no\" data-id=\"5d46edae\" data-element_type=\"section\">\n\t\t\t\t\t\t<div class=\"elementor-container elementor-column-gap-default\">\n\t\t\t\t\t<div class=\"has_ma_el_bg_slider elementor-column elementor-col-100 elementor-inner-column elementor-element elementor-element-77bdea97 jltma-glass-effect-no\" data-id=\"77bdea97\" data-element_type=\"column\">\n\t\t\t<div class=\"elementor-widget-wrap elementor-element-populated\">\n\t\t\t\t\t\t\t\t<div class=\"elementor-element elementor-element-54d14e46 elementor-vertical-align-top jltma-glass-effect-no elementor-widget elementor-widget-image-box\" data-id=\"54d14e46\" data-element_type=\"widget\" data-widget_type=\"image-box.default\">\n\t\t\t\t<div class=\"elementor-widget-container\">\n\t\t\t<style>\/*! elementor - v3.16.0 - 20-09-2023 *\/\n.elementor-widget-image-box .elementor-image-box-content{width:100%}@media (min-width:768px){.elementor-widget-image-box.elementor-position-left .elementor-image-box-wrapper,.elementor-widget-image-box.elementor-position-right .elementor-image-box-wrapper{display:flex}.elementor-widget-image-box.elementor-position-right .elementor-image-box-wrapper{text-align:right;flex-direction:row-reverse}.elementor-widget-image-box.elementor-position-left .elementor-image-box-wrapper{text-align:left;flex-direction:row}.elementor-widget-image-box.elementor-position-top .elementor-image-box-img{margin:auto}.elementor-widget-image-box.elementor-vertical-align-top .elementor-image-box-wrapper{align-items:flex-start}.elementor-widget-image-box.elementor-vertical-align-middle .elementor-image-box-wrapper{align-items:center}.elementor-widget-image-box.elementor-vertical-align-bottom .elementor-image-box-wrapper{align-items:flex-end}}@media (max-width:767px){.elementor-widget-image-box .elementor-image-box-img{margin-left:auto!important;margin-right:auto!important;margin-bottom:15px}}.elementor-widget-image-box .elementor-image-box-img{display:inline-block}.elementor-widget-image-box .elementor-image-box-title a{color:inherit}.elementor-widget-image-box .elementor-image-box-wrapper{text-align:center}.elementor-widget-image-box .elementor-image-box-description{margin:0}<\/style><div class=\"elementor-image-box-wrapper\"><div class=\"elementor-image-box-content\"><h3 class=\"elementor-image-box-title\">Hizmetlerimiz<\/h3><p class=\"elementor-image-box-description\">Profil kesiminden dolu demir kesim i\u015flemlerine kadar bir\u00e7ok hizmeti m\u00fc\u015fterilerimize veriyoruz. Profil kesimi, boru kesimi, dolu demir kesimi.<\/p><\/div><\/div>\t\t<\/div>\n\t\t\t\t<\/div>\n\t\t\t\t\t<\/div>\n\t\t<\/div>\n\t\t\t\t\t\t\t<\/div>\n\t\t<\/section>\n\t\t\t\t\t<\/div>\n\t\t<\/div>\n\t\t\t\t\t\t\t<\/div>\n\t\t<\/section>\n\t\t\t\t<section class=\"has_ma_el_bg_slider elementor-section elementor-top-section elementor-element elementor-element-1c6a02b0 ct-section-stretched elementor-section-boxed elementor-section-height-default elementor-section-height-default jltma-glass-effect-no\" data-id=\"1c6a02b0\" data-element_type=\"section\" id=\"xs_cta_style_14\" data-settings=\"{&quot;background_background&quot;:&quot;classic&quot;}\">\n\t\t\t\t\t\t\t<div class=\"elementor-background-overlay\"><\/div>\n\t\t\t\t\t\t\t<div class=\"elementor-container elementor-column-gap-default\">\n\t\t\t\t\t<div class=\"has_ma_el_bg_slider elementor-column elementor-col-100 elementor-top-column elementor-element elementor-element-53362d10 jltma-glass-effect-no\" data-id=\"53362d10\" data-element_type=\"column\">\n\t\t\t<div class=\"elementor-widget-wrap elementor-element-populated\">\n\t\t\t\t\t\t\t\t<section class=\"has_ma_el_bg_slider elementor-section elementor-inner-section elementor-element elementor-element-18d15703 elementor-section-full_width elementor-section-height-default elementor-section-height-default jltma-glass-effect-no\" data-id=\"18d15703\" data-element_type=\"section\" data-settings=\"{&quot;background_background&quot;:&quot;classic&quot;}\">\n\t\t\t\t\t\t\t<div class=\"elementor-background-overlay\"><\/div>\n\t\t\t\t\t\t\t<div class=\"elementor-container elementor-column-gap-default\">\n\t\t\t\t\t<div class=\"has_ma_el_bg_slider elementor-column elementor-col-50 elementor-inner-column elementor-element elementor-element-14b96d30 jltma-glass-effect-no\" data-id=\"14b96d30\" data-element_type=\"column\">\n\t\t\t<div class=\"elementor-widget-wrap elementor-element-populated\">\n\t\t\t\t\t\t\t\t<div class=\"elementor-element elementor-element-6b817d43 jltma-glass-effect-no elementor-widget elementor-widget-elementskit-heading\" data-id=\"6b817d43\" data-element_type=\"widget\" data-widget_type=\"elementskit-heading.default\">\n\t\t\t\t<div class=\"elementor-widget-container\">\n\t\t\t<div class=\"ekit-wid-con\" ><div class=\"ekit-heading elementskit-section-title-wraper text_left   ekit_heading_tablet-   ekit_heading_mobile-\"><h2 class=\"ekit-heading--title elementskit-section-title \">Fiyat ve stok bilgisi almak i\u00e7in bizimle ileti\u015fime ge\u00e7in.<\/h2><\/div><\/div>\t\t<\/div>\n\t\t\t\t<\/div>\n\t\t\t\t\t<\/div>\n\t\t<\/div>\n\t\t\t\t<div class=\"has_ma_el_bg_slider elementor-column elementor-col-50 elementor-inner-column elementor-element elementor-element-410a6c4f jltma-glass-effect-no\" data-id=\"410a6c4f\" data-element_type=\"column\">\n\t\t\t<div class=\"elementor-widget-wrap elementor-element-populated\">\n\t\t\t\t\t\t\t\t<div class=\"elementor-element elementor-element-203a4708 jltma-glass-effect-no elementor-widget elementor-widget-elementskit-button\" data-id=\"203a4708\" data-element_type=\"widget\" data-widget_type=\"elementskit-button.default\">\n\t\t\t\t<div class=\"elementor-widget-container\">\n\t\t\t<div class=\"ekit-wid-con\" >\t\t<div class=\"ekit-btn-wraper\">\n\t\t\t\t\t\t\t<a href=\"http:\/\/www.atakmetaldemir.com\/iletisim\/\" class=\"elementskit-btn  whitespace--normal\" >\n\t\t\t\t\t\u0130leti\u015fim\n\t\t\t\t\t\n\t\t\t\t<\/a>\n\t\t\t\t\t\t<\/div>\n        <\/div>\t\t<\/div>\n\t\t\t\t<\/div>\n\t\t\t\t\t<\/div>\n\t\t<\/div>\n\t\t\t\t\t\t\t<\/div>\n\t\t<\/section>\n\t\t\t\t\t<\/div>\n\t\t<\/div>\n\t\t\t\t\t\t\t<\/div>\n\t\t<\/section>\n\t\t\t\t\t\t\t<\/div>\n\t\t","protected":false},"excerpt":{"rendered":"<p>Hakk\u0131m\u0131zda Ana Sayfa > Hakk\u0131m\u0131zda Hakk\u0131m\u0131zda 2013&#8217;den beri sizler i\u00e7in tedarik edip sizler i\u00e7in kesiyoruz. 2013 y\u0131l\u0131nda sekt\u00f6re ad\u0131m att\u0131\u011f\u0131m\u0131zda 35 y\u0131l\u0131 a\u015fk\u0131n bilgi birikimimizle yola \u00e7\u0131kt\u0131k, bitmek bilmeyen \u00f6\u011frenme ve hizmet a\u015fk\u0131 ile yolumuza emin ad\u0131mlarla devam ettik. M\u00fc\u015fterilerimizin taleplerini tam zaman\u0131nda istediklerinden daha iyi bir \u015fekilde teslim ettik ve teslim etmeye devam ediyoruz. \u00a0Firmam\u0131z C45 \u0130malat \u00e7eli\u011fi, 4140 \u0131slah \u00e7eli\u011fi, C45 lama, k\u00f6\u015febent, profil, kromlu mil ve \u00e7elik \u00e7ekme borular\u0131 tedarik edip m\u00fc\u015fterilerimizin istedi\u011fi \u00f6l\u00e7\u00fcye g\u00f6re kesip teslim ediyoruz. Hizmetlerimiz Profil kesiminden dolu demir kesim i\u015flemlerine kadar bir\u00e7ok hizmeti m\u00fc\u015fterilerimize veriyoruz. Profil kesimi, boru kesimi, dolu demir kesimi.\u2026<\/p>\n","protected":false},"author":1,"featured_media":0,"parent":0,"menu_order":0,"comment_status":"closed","ping_status":"closed","template":"","meta":{"footnotes":""},"class_list":["post-112","page","type-page","status-publish","hentry"],"blocksy_meta":{"styles_descriptor":{"styles":{"desktop":"","tablet":"","mobile":""},"google_fonts":[],"version":4}},"_links":{"self":[{"href":"https:\/\/www.atakmetaldemir.com\/index.php?rest_route=\/wp\/v2\/pages\/112","targetHints":{"allow":["GET"]}}],"collection":[{"href":"https:\/\/www.atakmetaldemir.com\/index.php?rest_route=\/wp\/v2\/pages"}],"about":[{"href":"https:\/\/www.atakmetaldemir.com\/index.php?rest_route=\/wp\/v2\/types\/page"}],"author":[{"embeddable":true,"href":"https:\/\/www.atakmetaldemir.com\/index.php?rest_route=\/wp\/v2\/users\/1"}],"replies":[{"embeddable":true,"href":"https:\/\/www.atakmetaldemir.com\/index.php?rest_route=%2Fwp%2Fv2%2Fcomments&post=112"}],"version-history":[{"count":24,"href":"https:\/\/www.atakmetaldemir.com\/index.php?rest_route=\/wp\/v2\/pages\/112\/revisions"}],"predecessor-version":[{"id":560,"href":"https:\/\/www.atakmetaldemir.com\/index.php?rest_route=\/wp\/v2\/pages\/112\/revisions\/560"}],"wp:attachment":[{"href":"https:\/\/www.atakmetaldemir.com\/index.php?rest_route=%2Fwp%2Fv2%2Fmedia&parent=112"}],"curies":[{"name":"wp","href":"https:\/\/api.w.org\/{rel}","templated":true}]}}